{"id":20,"date":"2023-05-02T14:59:31","date_gmt":"2023-05-02T17:59:31","guid":{"rendered":"https:\/\/tanz.com.br\/blog\/?page_id=20"},"modified":"2025-05-09T13:46:22","modified_gmt":"2025-05-09T16:46:22","slug":"home","status":"publish","type":"page","link":"https:\/\/tanz.com.br\/blog\/","title":{"rendered":"Home"},"content":{"rendered":"\n<h1>\n\t\tBlog Tanz\n\t<\/h1>\n\t<p>Informa\u00e7\u00f5es para os especialistas em Engenharia Civil para Telecomunica\u00e7\u00f5es<\/p>\n\t\t\t<a href=\"https:\/\/tanz.com.br\/blog\/telecomunicacoes\/\" target=\"_self\" role=\"button\">\n\t\t\t\t\t\t\tTelecomunica\u00e7\u00f5es\n\t\t\t\t\t<\/a>\n\t\t\t<a href=\"https:\/\/tanz.com.br\/blog\/laudo-estrutural\/\" target=\"_self\" role=\"button\">\n\t\t\t\t\t\t\tLaudo Estrutural\n\t\t\t\t\t<\/a>\n\t\t\t<a href=\"https:\/\/tanz.com.br\/blog\/projeto-de-reforco\/\" target=\"_self\" role=\"button\">\n\t\t\t\t\t\t\tProjeto de Refor\u00e7o\n\t\t\t\t\t<\/a>\n\t\t\t<a href=\"https:\/\/tanz.com.br\/blog\/levantamento-estrutural\/\" target=\"_self\" role=\"button\">\n\t\t\t\t\t\t\tLevantamento Estrutural\n\t\t\t\t\t<\/a>\n\t\t\t<a href=\"https:\/\/tanz.com.br\/blog\/sondagem\/\" target=\"_self\" role=\"button\">\n\t\t\t\t\t\t\tSondagem \n\t\t\t\t\t<\/a>\n<h3>\n\t\tTodas as publica\u00e7\u00f5es\n\t<\/h3>\n\t<h3>Deseja receber n\u00f3ticias e novidades em primeira m\u00e3o?<\/h3>\n\n","protected":false},"excerpt":{"rendered":"<p>Blog Tanz Informa\u00e7\u00f5es para os especialistas em Engenharia Civil para Telecomunica\u00e7\u00f5es Telecomunica\u00e7\u00f5es Laudo Estrutural Projeto de Refor\u00e7o Levantamento Estrutural Sondagem Todas as publica\u00e7\u00f5es Deseja receber n\u00f3ticias e novidades em primeira m\u00e3o?<\/p>\n","protected":false},"author":1,"featured_media":0,"parent":0,"menu_order":0,"comment_status":"closed","ping_status":"closed","template":"","meta":{"_kad_post_transparent":"","_kad_post_title":"","_kad_post_layout":"","_kad_post_sidebar_id":"","_kad_post_content_style":"","_kad_post_vertical_padding":"","_kad_post_feature":"","_kad_post_feature_position":"","_kad_post_header":false,"_kad_post_footer":false,"footnotes":""},"class_list":["post-20","page","type-page","status-publish","hentry"],"_links":{"self":[{"href":"https:\/\/tanz.com.br\/blog\/wp-json\/wp\/v2\/pages\/20","targetHints":{"allow":["GET"]}}],"collection":[{"href":"https:\/\/tanz.com.br\/blog\/wp-json\/wp\/v2\/pages"}],"about":[{"href":"https:\/\/tanz.com.br\/blog\/wp-json\/wp\/v2\/types\/page"}],"author":[{"embeddable":true,"href":"https:\/\/tanz.com.br\/blog\/wp-json\/wp\/v2\/users\/1"}],"replies":[{"embeddable":true,"href":"https:\/\/tanz.com.br\/blog\/wp-json\/wp\/v2\/comments?post=20"}],"version-history":[{"count":41,"href":"https:\/\/tanz.com.br\/blog\/wp-json\/wp\/v2\/pages\/20\/revisions"}],"predecessor-version":[{"id":501,"href":"https:\/\/tanz.com.br\/blog\/wp-json\/wp\/v2\/pages\/20\/revisions\/501"}],"wp:attachment":[{"href":"https:\/\/tanz.com.br\/blog\/wp-json\/wp\/v2\/media?parent=20"}],"curies":[{"name":"wp","href":"https:\/\/api.w.org\/{rel}","templated":true}]}}